{"id":73,"date":"2017-01-23T23:02:09","date_gmt":"2017-01-23T22:02:09","guid":{"rendered":"http:\/\/orlando.nom.fr\/?page_id=73"},"modified":"2022-07-30T11:26:55","modified_gmt":"2022-07-30T10:26:55","slug":"gateaux","status":"publish","type":"page","link":"https:\/\/orlando.nom.fr\/index.php\/recettes-de-cuisine\/gateaux\/","title":{"rendered":"G\u00e2teaux"},"content":{"rendered":"<p><a href=\"http:\/\/orlando.nom.fr\/index.php\/recettes-de-cuisine\/gateaux\/amaretti\/\">Amaretti<\/a><\/p>\n<p><a href=\"https:\/\/orlando.nom.fr\/index.php\/2017\/12\/24\/amaretti-sardi\/\">Amaretti Sardi<\/a><\/p>\n<p><a href=\"https:\/\/orlando.nom.fr\/index.php\/recettes-de-cuisine\/gateaux\/brioche\/\">Brioche<\/a><\/p>\n<p><a href=\"http:\/\/orlando.nom.fr\/index.php\/recettes-de-cuisine\/gateaux\/cornes-de-gazelle\/\">Cornes de Gazelle<\/a><\/p>\n<p><a href=\"http:\/\/orlando.nom.fr\/index.php\/recipe\/galette-des-rois-a-la-frangipane\/\">Galette des rois \u00e0 la frangipane<\/a><\/p>\n<p><a href=\"https:\/\/orlando.nom.fr\/index.php\/2021\/04\/28\/galette-des-rois-a-la-compote-de-pommes\/\">Galette des rois \u00e0 la compote de pommes<\/a><\/p>\n<p><a href=\"https:\/\/orlando.nom.fr\/index.php\/recettes-de-cuisine\/gateaux\/gateau-de-mickey\/\">G\u00e2teau de Mickey<\/a><\/p>\n<hr \/>\n<p><a href=\"https:\/\/orlando.nom.fr\/index.php\/desserts\/\">Retour Desserts<\/a><\/p>\n<p><a href=\"http:\/\/orlando.nom.fr\/index.php\/recettes-de-cuisine\/\">Retour Liste de Recettes<\/a><\/p>\n","protected":false},"excerpt":{"rendered":"<p>Amaretti Amaretti Sardi Brioche Cornes de Gazelle Galette des rois \u00e0 la frangipane Galette des rois \u00e0 la compote de pommes G\u00e2teau de Mickey Retour Desserts Retour Liste de Recettes<\/p>\n","protected":false},"author":1,"featured_media":0,"parent":32,"menu_order":0,"comment_status":"closed","ping_status":"closed","template":"","meta":{"wprm-recipe-roundup-name":"","wprm-recipe-roundup-description":"","jetpack_post_was_ever_published":false,"footnotes":""},"class_list":["post-73","page","type-page","status-publish","hentry"],"jetpack_sharing_enabled":true,"jetpack_shortlink":"https:\/\/wp.me\/P5ALNQ-1b","jetpack-related-posts":[{"id":358,"url":"https:\/\/orlando.nom.fr\/index.php\/recettes-de-cuisine\/gateaux\/358-2\/","url_meta":{"origin":73,"position":0},"title":"Galette des rois \u00e0 la frangipane","author":"admin9070","date":"26 mars 2021","format":false,"excerpt":"Galette des rois \u00e0 la frangipane 2 P\u00e2tes feuillet\u00e9es140 g Poudre d'Amandes100 g Sucre en Poudre2 \u0152ufs75 g Beurre mou1 Jaune d\u2019\u0153uf1 ou 2 F\u00e8ve(s)1\/2 cuill\u00e8re \u00e0 caf\u00e9 Amande am\u00e8re Placer une p\u00e2te feuillet\u00e9e dans un moule \u00e0 tarte ou sur un papier de cuisson. Piquer la p\u00e2te avec une\u2026","rel":"","context":"Article similaire","block_context":{"text":"Article similaire","link":""},"img":{"alt_text":"","src":"","width":0,"height":0},"classes":[]},{"id":51,"url":"https:\/\/orlando.nom.fr\/index.php\/recettes-de-cuisine\/gateaux\/amaretti\/","url_meta":{"origin":73,"position":1},"title":"Amaretti","author":"admin9070","date":"2 avril 2016","format":false,"excerpt":"\u00a0 \u00a0 \u00a0 Retour G\u00e2teaux Retour Liste des Recettes","rel":"","context":"Article similaire","block_context":{"text":"Article similaire","link":""},"img":{"alt_text":"","src":"","width":0,"height":0},"classes":[]},{"id":194,"url":"https:\/\/orlando.nom.fr\/index.php\/recettes-de-cuisine\/gateaux\/amaretti-sardi\/","url_meta":{"origin":73,"position":2},"title":"Amaretti Sardi","author":"admin9070","date":"28 avril 2021","format":false,"excerpt":"Amaretti Sardi DessertItalienne Retour G\u00e2teaux","rel":"","context":"Article similaire","block_context":{"text":"Article similaire","link":""},"img":{"alt_text":"","src":"","width":0,"height":0},"classes":[]},{"id":159,"url":"https:\/\/orlando.nom.fr\/index.php\/recettes-de-cuisine\/gateaux\/cornes-de-gazelle\/","url_meta":{"origin":73,"position":3},"title":"Cornes de Gazelle","author":"admin9070","date":"13 mai 2017","format":false,"excerpt":"Retour Liste des G\u00e2teaux Retour Liste des Recettes","rel":"","context":"Article similaire","block_context":{"text":"Article similaire","link":""},"img":{"alt_text":"","src":"","width":0,"height":0},"classes":[]},{"id":407,"url":"https:\/\/orlando.nom.fr\/index.php\/soupe-champenoise\/","url_meta":{"origin":73,"position":4},"title":"Soupe champenoise","author":"admin9070","date":"30 juillet 2022","format":false,"excerpt":"Soupe champenoise Cocktail au Champagne classique. 1 Bouteille de Champagne ou Prosecco (Brut)15 cl Contreau15 cl Sucre de canne liquide15 cl Jus de citron ou m\u00e9lange citron orange Choisissez et pr\u00e9parer les agrumes si possible sans traitementM\u00e9langer les ingr\u00e9dientsLaisser reposer une heure au fraisMetttre dans un grand r\u00e9cipient avec le\u2026","rel":"","context":"Article similaire","block_context":{"text":"Article similaire","link":""},"img":{"alt_text":"","src":"https:\/\/i0.wp.com\/orlando.nom.fr\/wp-content\/uploads\/2022\/07\/telechargement-1-150x150.jpg?resize=350%2C200&ssl=1","width":350,"height":200},"classes":[]},{"id":438,"url":"https:\/\/orlando.nom.fr\/index.php\/glaces-sorbets\/","url_meta":{"origin":73,"position":5},"title":"Glaces &#8211; Sorbets","author":"admin9070","date":"30 juillet 2022","format":false,"excerpt":"Granita au citron Retour Desserts Retour Liste de Recettes","rel":"","context":"Article similaire","block_context":{"text":"Article similaire","link":""},"img":{"alt_text":"","src":"","width":0,"height":0},"classes":[]}],"jetpack_likes_enabled":true,"_links":{"self":[{"href":"https:\/\/orlando.nom.fr\/index.php\/wp-json\/wp\/v2\/pages\/73","targetHints":{"allow":["GET"]}}],"collection":[{"href":"https:\/\/orlando.nom.fr\/index.php\/wp-json\/wp\/v2\/pages"}],"about":[{"href":"https:\/\/orlando.nom.fr\/index.php\/wp-json\/wp\/v2\/types\/page"}],"author":[{"embeddable":true,"href":"https:\/\/orlando.nom.fr\/index.php\/wp-json\/wp\/v2\/users\/1"}],"replies":[{"embeddable":true,"href":"https:\/\/orlando.nom.fr\/index.php\/wp-json\/wp\/v2\/comments?post=73"}],"version-history":[{"count":15,"href":"https:\/\/orlando.nom.fr\/index.php\/wp-json\/wp\/v2\/pages\/73\/revisions"}],"predecessor-version":[{"id":437,"href":"https:\/\/orlando.nom.fr\/index.php\/wp-json\/wp\/v2\/pages\/73\/revisions\/437"}],"up":[{"embeddable":true,"href":"https:\/\/orlando.nom.fr\/index.php\/wp-json\/wp\/v2\/pages\/32"}],"wp:attachment":[{"href":"https:\/\/orlando.nom.fr\/index.php\/wp-json\/wp\/v2\/media?parent=73"}],"curies":[{"name":"wp","href":"https:\/\/api.w.org\/{rel}","templated":true}]}}