{"id":438,"date":"2022-07-30T11:35:39","date_gmt":"2022-07-30T10:35:39","guid":{"rendered":"https:\/\/orlando.nom.fr\/?page_id=438"},"modified":"2022-07-30T11:35:40","modified_gmt":"2022-07-30T10:35:40","slug":"glaces-sorbets","status":"publish","type":"page","link":"https:\/\/orlando.nom.fr\/index.php\/glaces-sorbets\/","title":{"rendered":"Glaces &#8211; Sorbets"},"content":{"rendered":"\n<p><a href=\"https:\/\/orlando.nom.fr\/index.php\/granita-au-citron\/\" data-type=\"page\" data-id=\"414\">Granita au citron<\/a><\/p>\n\n\n\n<hr class=\"wp-block-separator has-alpha-channel-opacity\"\/>\n\n\n\n<p><a href=\"https:\/\/orlando.nom.fr\/index.php\/desserts\/\" data-type=\"page\" data-id=\"432\">Retour Desserts<\/a><\/p>\n\n\n\n<p><a href=\"https:\/\/orlando.nom.fr\/index.php\/recettes-de-cuisine\/\" data-type=\"page\" data-id=\"32\">Retour Liste de Recettes<\/a><\/p>\n","protected":false},"excerpt":{"rendered":"<p>Granita au citron Retour Desserts Retour Liste de Recettes<\/p>\n","protected":false},"author":1,"featured_media":0,"parent":0,"menu_order":0,"comment_status":"closed","ping_status":"closed","template":"","meta":{"wprm-recipe-roundup-name":"","wprm-recipe-roundup-description":"","jetpack_post_was_ever_published":false,"footnotes":""},"class_list":["post-438","page","type-page","status-publish","hentry"],"jetpack_sharing_enabled":true,"jetpack_shortlink":"https:\/\/wp.me\/P5ALNQ-74","jetpack-related-posts":[{"id":414,"url":"https:\/\/orlando.nom.fr\/index.php\/granita-au-citron\/","url_meta":{"origin":438,"position":0},"title":"Granita au citron","author":"admin9070","date":"30 juillet 2022","format":false,"excerpt":"Granita au citron Recette traditionnelle fait maison 200 g Jus de Citrons (Non trait\u00e9s - Environ 3)400 g Eau200 g Sucre en poudre Presser 3 ou 4 citrons et fltrerObtenir 200g du jus de ctron filtr\u00e9M\u00e9langer sucre et eauFaire bouillir le sirop pendant 10 min (Th4)Laisser refroidir compl\u00e8tementM\u00e9langer jus et\u2026","rel":"","context":"Article similaire","block_context":{"text":"Article similaire","link":""},"img":{"alt_text":"","src":"","width":0,"height":0},"classes":[]},{"id":432,"url":"https:\/\/orlando.nom.fr\/index.php\/desserts\/","url_meta":{"origin":438,"position":1},"title":"Desserts","author":"admin9070","date":"30 juillet 2022","format":false,"excerpt":"Glaces - Sorbets G\u00e2teaux Retour Liste de Recettes","rel":"","context":"Article similaire","block_context":{"text":"Article similaire","link":""},"img":{"alt_text":"","src":"","width":0,"height":0},"classes":[]},{"id":407,"url":"https:\/\/orlando.nom.fr\/index.php\/soupe-champenoise\/","url_meta":{"origin":438,"position":2},"title":"Soupe champenoise","author":"admin9070","date":"30 juillet 2022","format":false,"excerpt":"Soupe champenoise Cocktail au Champagne classique. 1 Bouteille de Champagne ou Prosecco (Brut)15 cl Contreau15 cl Sucre de canne liquide15 cl Jus de citron ou m\u00e9lange citron orange Choisissez et pr\u00e9parer les agrumes si possible sans traitementM\u00e9langer les ingr\u00e9dientsLaisser reposer une heure au fraisMetttre dans un grand r\u00e9cipient avec le\u2026","rel":"","context":"Article similaire","block_context":{"text":"Article similaire","link":""},"img":{"alt_text":"","src":"https:\/\/i0.wp.com\/orlando.nom.fr\/wp-content\/uploads\/2022\/07\/telechargement-1-150x150.jpg?resize=350%2C200&ssl=1","width":350,"height":200},"classes":[]},{"id":73,"url":"https:\/\/orlando.nom.fr\/index.php\/recettes-de-cuisine\/gateaux\/","url_meta":{"origin":438,"position":3},"title":"G\u00e2teaux","author":"admin9070","date":"23 janvier 2017","format":false,"excerpt":"Amaretti Amaretti Sardi Brioche Cornes de Gazelle Galette des rois \u00e0 la frangipane Galette des rois \u00e0 la compote de pommes G\u00e2teau de Mickey Retour Desserts Retour Liste de Recettes","rel":"","context":"Article similaire","block_context":{"text":"Article similaire","link":""},"img":{"alt_text":"","src":"","width":0,"height":0},"classes":[]},{"id":170,"url":"https:\/\/orlando.nom.fr\/index.php\/recettes-de-cuisine\/sauces\/pesto-au-basilic-ou-pesto-al-genovese-recette-originale\/","url_meta":{"origin":438,"position":4},"title":"Pesto au basilic ou pesto al genovese (recette originale)","author":"admin9070","date":"5 juin 2017","format":false,"excerpt":"Retour Liste Sauces Retour Liste Recettes","rel":"","context":"Article similaire","block_context":{"text":"Article similaire","link":""},"img":{"alt_text":"","src":"","width":0,"height":0},"classes":[]},{"id":177,"url":"https:\/\/orlando.nom.fr\/index.php\/recettes-de-cuisine\/sauces\/","url_meta":{"origin":438,"position":5},"title":"Sauces","author":"admin9070","date":"5 juin 2017","format":false,"excerpt":"Pesto au basilic ou pesto al genovese (recette originale) Retour Liste de Recettes","rel":"","context":"Article similaire","block_context":{"text":"Article similaire","link":""},"img":{"alt_text":"","src":"","width":0,"height":0},"classes":[]}],"jetpack_likes_enabled":true,"_links":{"self":[{"href":"https:\/\/orlando.nom.fr\/index.php\/wp-json\/wp\/v2\/pages\/438","targetHints":{"allow":["GET"]}}],"collection":[{"href":"https:\/\/orlando.nom.fr\/index.php\/wp-json\/wp\/v2\/pages"}],"about":[{"href":"https:\/\/orlando.nom.fr\/index.php\/wp-json\/wp\/v2\/types\/page"}],"author":[{"embeddable":true,"href":"https:\/\/orlando.nom.fr\/index.php\/wp-json\/wp\/v2\/users\/1"}],"replies":[{"embeddable":true,"href":"https:\/\/orlando.nom.fr\/index.php\/wp-json\/wp\/v2\/comments?post=438"}],"version-history":[{"count":1,"href":"https:\/\/orlando.nom.fr\/index.php\/wp-json\/wp\/v2\/pages\/438\/revisions"}],"predecessor-version":[{"id":439,"href":"https:\/\/orlando.nom.fr\/index.php\/wp-json\/wp\/v2\/pages\/438\/revisions\/439"}],"wp:attachment":[{"href":"https:\/\/orlando.nom.fr\/index.php\/wp-json\/wp\/v2\/media?parent=438"}],"curies":[{"name":"wp","href":"https:\/\/api.w.org\/{rel}","templated":true}]}}