{"id":432,"date":"2022-07-30T10:50:21","date_gmt":"2022-07-30T09:50:21","guid":{"rendered":"https:\/\/orlando.nom.fr\/?page_id=432"},"modified":"2022-07-30T11:40:16","modified_gmt":"2022-07-30T10:40:16","slug":"desserts","status":"publish","type":"page","link":"https:\/\/orlando.nom.fr\/index.php\/desserts\/","title":{"rendered":"Desserts"},"content":{"rendered":"\n<p><a href=\"https:\/\/orlando.nom.fr\/index.php\/glaces-sorbets\/\" data-type=\"page\" data-id=\"438\">Glaces &#8211; Sorbets<\/a><\/p>\n\n\n\n<p><code><a href=\"https:\/\/orlando.nom.fr\/index.php\/recettes-de-cuisine\/gateaux\/\" data-type=\"page\" data-id=\"73\">G\u00e2teaux<\/a><\/code><\/p>\n\n\n\n<p><a href=\"https:\/\/orlando.nom.fr\/index.php\/recettes-de-cuisine\/\" data-type=\"page\" data-id=\"32\">Retour Liste de Recettes<\/a><\/p>\n","protected":false},"excerpt":{"rendered":"<p>Glaces &#8211; Sorbets G\u00e2teaux Retour Liste de Recettes<\/p>\n","protected":false},"author":1,"featured_media":0,"parent":0,"menu_order":0,"comment_status":"closed","ping_status":"closed","template":"","meta":{"wprm-recipe-roundup-name":"","wprm-recipe-roundup-description":"","jetpack_post_was_ever_published":false,"footnotes":""},"class_list":["post-432","page","type-page","status-publish","hentry"],"jetpack_sharing_enabled":true,"jetpack_shortlink":"https:\/\/wp.me\/P5ALNQ-6Y","jetpack-related-posts":[{"id":438,"url":"https:\/\/orlando.nom.fr\/index.php\/glaces-sorbets\/","url_meta":{"origin":432,"position":0},"title":"Glaces &#8211; Sorbets","author":"admin9070","date":"30 juillet 2022","format":false,"excerpt":"Granita au citron Retour Desserts Retour Liste de Recettes","rel":"","context":"Article similaire","block_context":{"text":"Article similaire","link":""},"img":{"alt_text":"","src":"","width":0,"height":0},"classes":[]},{"id":73,"url":"https:\/\/orlando.nom.fr\/index.php\/recettes-de-cuisine\/gateaux\/","url_meta":{"origin":432,"position":1},"title":"G\u00e2teaux","author":"admin9070","date":"23 janvier 2017","format":false,"excerpt":"Amaretti Amaretti Sardi Brioche Cornes de Gazelle Galette des rois \u00e0 la frangipane Galette des rois \u00e0 la compote de pommes G\u00e2teau de Mickey Retour Desserts Retour Liste de Recettes","rel":"","context":"Article similaire","block_context":{"text":"Article similaire","link":""},"img":{"alt_text":"","src":"","width":0,"height":0},"classes":[]},{"id":414,"url":"https:\/\/orlando.nom.fr\/index.php\/granita-au-citron\/","url_meta":{"origin":432,"position":2},"title":"Granita au citron","author":"admin9070","date":"30 juillet 2022","format":false,"excerpt":"Granita au citron Recette traditionnelle fait maison 200 g Jus de Citrons (Non trait\u00e9s - Environ 3)400 g Eau200 g Sucre en poudre Presser 3 ou 4 citrons et fltrerObtenir 200g du jus de ctron filtr\u00e9M\u00e9langer sucre et eauFaire bouillir le sirop pendant 10 min (Th4)Laisser refroidir compl\u00e8tementM\u00e9langer jus et\u2026","rel":"","context":"Article similaire","block_context":{"text":"Article similaire","link":""},"img":{"alt_text":"","src":"","width":0,"height":0},"classes":[]},{"id":159,"url":"https:\/\/orlando.nom.fr\/index.php\/recettes-de-cuisine\/gateaux\/cornes-de-gazelle\/","url_meta":{"origin":432,"position":3},"title":"Cornes de Gazelle","author":"admin9070","date":"13 mai 2017","format":false,"excerpt":"Retour Liste des G\u00e2teaux Retour Liste des Recettes","rel":"","context":"Article similaire","block_context":{"text":"Article similaire","link":""},"img":{"alt_text":"","src":"","width":0,"height":0},"classes":[]},{"id":51,"url":"https:\/\/orlando.nom.fr\/index.php\/recettes-de-cuisine\/gateaux\/amaretti\/","url_meta":{"origin":432,"position":4},"title":"Amaretti","author":"admin9070","date":"2 avril 2016","format":false,"excerpt":"\u00a0 \u00a0 \u00a0 Retour G\u00e2teaux Retour Liste des Recettes","rel":"","context":"Article similaire","block_context":{"text":"Article similaire","link":""},"img":{"alt_text":"","src":"","width":0,"height":0},"classes":[]},{"id":358,"url":"https:\/\/orlando.nom.fr\/index.php\/recettes-de-cuisine\/gateaux\/358-2\/","url_meta":{"origin":432,"position":5},"title":"Galette des rois \u00e0 la frangipane","author":"admin9070","date":"26 mars 2021","format":false,"excerpt":"Galette des rois \u00e0 la frangipane 2 P\u00e2tes feuillet\u00e9es140 g Poudre d'Amandes100 g Sucre en Poudre2 \u0152ufs75 g Beurre mou1 Jaune d\u2019\u0153uf1 ou 2 F\u00e8ve(s)1\/2 cuill\u00e8re \u00e0 caf\u00e9 Amande am\u00e8re Placer une p\u00e2te feuillet\u00e9e dans un moule \u00e0 tarte ou sur un papier de cuisson. Piquer la p\u00e2te avec une\u2026","rel":"","context":"Article similaire","block_context":{"text":"Article similaire","link":""},"img":{"alt_text":"","src":"","width":0,"height":0},"classes":[]}],"jetpack_likes_enabled":true,"_links":{"self":[{"href":"https:\/\/orlando.nom.fr\/index.php\/wp-json\/wp\/v2\/pages\/432","targetHints":{"allow":["GET"]}}],"collection":[{"href":"https:\/\/orlando.nom.fr\/index.php\/wp-json\/wp\/v2\/pages"}],"about":[{"href":"https:\/\/orlando.nom.fr\/index.php\/wp-json\/wp\/v2\/types\/page"}],"author":[{"embeddable":true,"href":"https:\/\/orlando.nom.fr\/index.php\/wp-json\/wp\/v2\/users\/1"}],"replies":[{"embeddable":true,"href":"https:\/\/orlando.nom.fr\/index.php\/wp-json\/wp\/v2\/comments?post=432"}],"version-history":[{"count":3,"href":"https:\/\/orlando.nom.fr\/index.php\/wp-json\/wp\/v2\/pages\/432\/revisions"}],"predecessor-version":[{"id":443,"href":"https:\/\/orlando.nom.fr\/index.php\/wp-json\/wp\/v2\/pages\/432\/revisions\/443"}],"wp:attachment":[{"href":"https:\/\/orlando.nom.fr\/index.php\/wp-json\/wp\/v2\/media?parent=432"}],"curies":[{"name":"wp","href":"https:\/\/api.w.org\/{rel}","templated":true}]}}