{"id":418,"date":"2022-07-30T10:43:50","date_gmt":"2022-07-30T09:43:50","guid":{"rendered":"https:\/\/orlando.nom.fr\/?page_id=418"},"modified":"2022-07-30T10:43:51","modified_gmt":"2022-07-30T09:43:51","slug":"le-cake-de-mickey","status":"publish","type":"page","link":"https:\/\/orlando.nom.fr\/index.php\/recettes-de-cuisine\/gateaux\/le-cake-de-mickey\/","title":{"rendered":"Le Cake de Mickey"},"content":{"rendered":"<div id=\"recipe\"><\/div><div id=\"wprm-recipe-container-419\" class=\"wprm-recipe-container\" data-recipe-id=\"419\" data-servings=\"0\"><div class=\"wprm-recipe wprm-recipe-template-chic\"><div class=\"wprm-container-float-right\">\n    \n<\/div>\n<h2 class=\"wprm-recipe-name wprm-block-text-bold\">Le Cake de Mickey<\/h2>\n<div class=\"wprm-spacer\"><\/div>\n\n<div class=\"wprm-spacer\"><\/div>\n<div class=\"wprm-recipe-summary wprm-block-text-normal\"><span style=\"display: block;\">Recette traditionnelle maison<\/span><\/div>\n<div class=\"wprm-spacer\"><\/div>\n\n<div class=\"wprm-spacer\" style=\"height: 25px;\"><\/div>\n<div class=\"wprm-template-chic-buttons wprm-container-columns-spaced-middle wprm-container-columns-gutter\">\n\t<a href=\"https:\/\/orlando.nom.fr\/index.php\/wprm_print\/le-cake-de-mickey\" style=\"color: #ffffff;background-color: #5A822B;border-color: #5A822B;border-radius: 3px;padding: 10px 5px;\" class=\"wprm-recipe-print wprm-recipe-link wprm-print-recipe-shortcode wprm-block-text-normal wprm-recipe-print-wide-button wprm-recipe-link-wide-button wprm-color-accent\" data-recipe-id=\"419\" data-template=\"\" target=\"_blank\" rel=\"nofollow\"><span class=\"wprm-recipe-icon wprm-recipe-print-icon\"><svg width=\"16px\" height=\"16px\" viewBox=\"0 0 24 24\" version=\"1.1\" xmlns=\"http:\/\/www.w3.org\/2000\/svg\" xmlns:xlink=\"http:\/\/www.w3.org\/1999\/xlink\"><g stroke=\"none\" stroke-width=\"1\" fill=\"none\" fill-rule=\"evenodd\"><g fill=\"#ffffff\"><g><path d=\"M17.5454,0.0005 C18.2904,0.0005 18.9004,0.6105 18.9004,1.3565 L18.9004,1.3565 L18.9004,4.9445 L21.9904,4.9445 C23.0954,4.9445 24.0004,5.8485 24.0004,6.9535 L24.0004,6.9535 L24.0004,17.2415 C24.0004,18.3465 23.0954,19.2505 21.9904,19.2505 L21.9904,19.2505 L19.8414,19.2505 L19.8414,22.2795 C19.8414,23.1725 19.1104,23.9035 18.2174,23.9035 L18.2174,23.9035 L5.7834,23.9035 C4.8894,23.9035 4.1594,23.1725 4.1594,22.2795 L4.1594,22.2795 L4.1594,19.2505 L2.0104,19.2505 C0.9044,19.2505 0.0004,18.3465 0.0004,17.2415 L0.0004,17.2415 L0.0004,6.9535 C0.0004,5.8485 0.9044,4.9445 2.0104,4.9445 L2.0104,4.9445 L5.0984,4.9445 L5.0984,1.3565 C5.0984,0.6105 5.7094,0.0005 6.4554,0.0005 L6.4554,0.0005 Z M17.8414,15.5975 L6.1594,15.5975 L6.1594,21.9035 L17.8414,21.9035 L17.8414,15.5975 Z M21.9904,6.9445 L2.0104,6.9445 L2.0004,17.2415 L4.1594,17.2425 L4.1594,15.2215 C4.1594,14.3285 4.8894,13.5975 5.7834,13.5975 L5.7834,13.5975 L18.2174,13.5975 C19.1104,13.5975 19.8414,14.3285 19.8414,15.2215 L19.8414,15.2215 L19.8414,17.2495 L21.9904,17.2505 L22.0004,6.9535 L21.9904,6.9445 Z M6.1632,9.1318 C6.7902,9.1318 7.2992,9.6408 7.2992,10.2678 C7.2992,10.8948 6.7902,11.4028 6.1632,11.4028 L6.1632,11.4028 L5.0992,11.4028 C4.4722,11.4028 3.9632,10.8948 3.9632,10.2678 C3.9632,9.6408 4.4722,9.1318 5.0992,9.1318 L5.0992,9.1318 Z M16.6304,2.2715 L7.3704,2.2715 L7.3704,4.6845 L16.6304,4.6845 L16.6304,2.2715 Z\"><\/path><\/g><\/g><\/g><\/svg><\/span> Imprimer la recette<\/a>\n\t\n    \n<\/div>\n<div class=\"wprm-spacer\" style=\"height: 20px;\"><\/div>\n<div class=\"wprm-icon-shortcode wprm-icon-shortcode-separate wprm-align-center wprm-icon-decoration-line\" style=\"font-size: 24px;height: 24px;\"><div class=\"wprm-decoration-line\" style=\"border-color: #e0e0e0;\"><\/div><span class=\"wprm-recipe-icon\" aria-hidden=\"true\"><svg width=\"16px\" height=\"16px\" viewBox=\"0 0 24 24\" version=\"1.1\" xmlns=\"http:\/\/www.w3.org\/2000\/svg\" xmlns:xlink=\"http:\/\/www.w3.org\/1999\/xlink\"><g stroke=\"none\" stroke-width=\"1\" fill=\"none\" fill-rule=\"evenodd\"><g fill=\"#9e9e9e\"><g><path d=\"M12,0 C18.627,0 24,4.373 24,11 C24,19.406 18.646,24 18.646,24 L18.646,24 L5.354,24 C5.354,24 0,19.406 0,11 C0,4.373 5.373,0 12,0 Z M12,2 C6.206,2 2,5.785 2,11 C2,16.956 4.962,20.716 6.168,22 L6.168,22 L17.832,22 C19.032,20.724 22,16.962 22,11 C22,5.785 17.794,2 12,2 Z M15.4175,17.7983 C15.9697847,17.7983 16.4175,18.2460153 16.4175,18.7983 C16.4175,19.3111358 16.0314598,19.7338072 15.5341211,19.7915723 L15.4175,19.7983 L8.5825,19.7983 C8.03021525,19.7983 7.5825,19.3505847 7.5825,18.7983 C7.5825,18.2854642 7.96854019,17.8627928 8.46587887,17.8050277 L8.5825,17.7983 L15.4175,17.7983 Z M12,4.2544 C15.173,4.2544 17.746,6.8264 17.746,10.0004 C17.746,13.1734 15.173,15.7454 12,15.7454 C8.827,15.7454 6.254,13.1734 6.254,10.0004 C6.254,6.8264 8.827,4.2544 12,4.2544 Z M10.9999773,6.38993761 C9.41864646,6.82850486 8.254,8.28073633 8.254,10.0004 C8.254,12.0654 9.935,13.7454 12,13.7454 C14.065,13.7454 15.746,12.0654 15.746,10.0004 C15.746,8.28110051 14.5818468,6.82911997 13.0010273,6.39021638 L13,9.2962 C13,9.84848475 12.5522847,10.2962 12,10.2962 C11.4871642,10.2962 11.0644928,9.91015981 11.0067277,9.41282113 L11,9.2962 Z\"><\/path><\/g><\/g><\/g><\/svg><\/span> <div class=\"wprm-decoration-line\" style=\"border-color: #e0e0e0;\"><\/div><\/div>\n\n<div class=\"wprm-spacer\"><\/div>\n<div class=\"wprm-container-columns-spaced\">\n\t<div>\n    \t<div class=\"wprm-icon-shortcode wprm-icon-shortcode-separate wprm-align-center wprm-icon-decoration-line\" style=\"font-size: 24px;height: 24px;\"><div class=\"wprm-decoration-line\" style=\"border-color: #e0e0e0;\"><\/div><span class=\"wprm-recipe-icon\" aria-hidden=\"true\"><svg width=\"16px\" height=\"16px\" viewBox=\"0 0 24 24\" version=\"1.1\" xmlns=\"http:\/\/www.w3.org\/2000\/svg\" xmlns:xlink=\"http:\/\/www.w3.org\/1999\/xlink\"><g stroke=\"none\" stroke-width=\"1\" fill=\"none\" fill-rule=\"evenodd\"><g fill=\"#9e9e9e\"><path d=\"M19.5441,12.0586 L17.8411,12.3146 L17.8411,14.0376 L17.8411,17.8606 L6.1591,17.8606 L6.1591,14.0376 L6.1591,12.3146 L4.4561,12.0586 C3.0331,11.8446 2.0001,10.6536 2.0001,9.2246 C2.0001,7.6626 3.2471,6.3876 4.7971,6.3406 C4.8651,6.3486 4.9351,6.3556 5.0051,6.3576 L6.3221,6.4136 L6.8931,5.2246 C7.8481,3.2356 9.8051,1.9996 12.0001,1.9996 C14.1951,1.9996 16.1521,3.2356 17.1071,5.2246 L17.6781,6.4136 L18.9951,6.3576 C19.0641,6.3556 19.1321,6.3486 19.2021,6.3406 C20.7531,6.3866 22.0001,7.6626 22.0001,9.2246 C22.0001,10.6536 20.9671,11.8446 19.5441,12.0586 L19.5441,12.0586 Z M6.1591,22.0006 L17.8411,22.0006 L17.8411,19.8606 L6.1591,19.8606 L6.1591,22.0006 Z M19.1141,4.3386 C19.0451,4.3386 18.9801,4.3566 18.9101,4.3596 C17.6741,1.7836 15.0491,-0.0004 12.0001,-0.0004 C8.9511,-0.0004 6.3261,1.7836 5.0901,4.3596 C5.0211,4.3566 4.9551,4.3386 4.8861,4.3386 C2.1881,4.3386 0.0001,6.5266 0.0001,9.2246 C0.0001,11.6736 1.8081,13.6836 4.1591,14.0376 L4.1591,22.3756 C4.1591,23.2696 4.8901,23.9996 5.7831,23.9996 L18.2171,23.9996 C19.1101,23.9996 19.8411,23.2696 19.8411,22.3756 L19.8411,14.0376 C22.1911,13.6836 24.0001,11.6736 24.0001,9.2246 C24.0001,6.5266 21.8131,4.3386 19.1141,4.3386 L19.1141,4.3386 Z\" id=\"Fill-1\"><\/path><\/g><\/g><\/svg><\/span> <div class=\"wprm-decoration-line\" style=\"border-color: #e0e0e0;\"><\/div><\/div>\n\t\t<div class=\"wprm-recipe-meta-container wprm-recipe-custom-container wprm-recipe-details-container wprm-recipe-details-container-table wprm-block-text-normal wprm-recipe-table-borders-none wprm-recipe-table-borders-inside\" style=\"border-width: 0;border-style: dotted;border-color: #666666;\"><div class=\"wprm-recipe-block-container wprm-recipe-block-container-table wprm-block-text-normal wprm-recipe-tag-container wprm-recipe-course-container\" style=\"border-width: 0;border-style: dotted;border-color: #666666;\"><span class=\"wprm-recipe-details-label wprm-block-text-uppercase-faded wprm-recipe-tag-label wprm-recipe-course-label\">Type de plat <\/span><span class=\"wprm-recipe-course wprm-block-text-normal\">Dessert<\/span><\/div><div class=\"wprm-recipe-block-container wprm-recipe-block-container-table wprm-block-text-normal wprm-recipe-tag-container wprm-recipe-cuisine-container\" style=\"border-width: 0;border-style: dotted;border-color: #666666;\"><span class=\"wprm-recipe-details-label wprm-block-text-uppercase-faded wprm-recipe-tag-label wprm-recipe-cuisine-label\">Cuisine <\/span><span class=\"wprm-recipe-cuisine wprm-block-text-normal\">Fran\u00e7aise<\/span><\/div><\/div>\n    <\/div>\n    <div>\n        <div class=\"wprm-icon-shortcode wprm-icon-shortcode-separate wprm-align-center wprm-icon-decoration-line\" style=\"font-size: 24px;height: 24px;\"><div class=\"wprm-decoration-line\" style=\"border-color: #e0e0e0;\"><\/div><span class=\"wprm-recipe-icon\" aria-hidden=\"true\"><svg width=\"16px\" height=\"16px\" viewBox=\"0 0 24 24\" version=\"1.1\" xmlns=\"http:\/\/www.w3.org\/2000\/svg\" xmlns:xlink=\"http:\/\/www.w3.org\/1999\/xlink\"><g stroke=\"none\" stroke-width=\"1\" fill=\"none\" fill-rule=\"evenodd\"><g fill=\"#9e9e9e\"><path d=\"M15.9199,4.9443 L18.1399,2.7243 C18.5509,2.3133 19.0909,2.1083 19.6299,2.1083 C20.1699,2.1083 20.7099,2.3133 21.1209,2.7243 C21.9429,3.5473 21.9419,4.8843 21.1209,5.7073 L18.9019,7.9253 C18.0799,8.7483 16.7419,8.7483 15.9199,7.9253 C15.0979,7.1033 15.0979,5.7663 15.9199,4.9443 M23.5529,22.1383 L13.3369,11.9233 L15.3109,9.9493 C15.9559,10.3353 16.6809,10.5413 17.4109,10.5413 C18.4629,10.5413 19.5159,10.1403 20.3159,9.3403 L22.5349,7.1213 C24.1369,5.5183 24.1369,2.9123 22.5349,1.3103 C21.7599,0.5343 20.7279,0.1073 19.6299,0.1073 C18.5329,0.1073 17.5019,0.5343 16.7259,1.3103 L14.5059,3.5303 C13.7299,4.3063 13.3029,5.3383 13.3029,6.4343 C13.3029,7.1883 13.5179,7.9053 13.8959,8.5363 L11.9229,10.5083 L9.9489,8.5353 C10.8909,6.9593 10.6959,4.8863 9.3399,3.5303 L6.1039,0.2933 C5.7129,-0.0977 5.0799,-0.0977 4.6899,0.2933 C4.2989,0.6833 4.2989,1.3163 4.6899,1.7073 L7.9259,4.9443 C8.4909,5.5093 8.6579,6.3153 8.4459,7.0323 L3.6539,2.2403 C3.2639,1.8493 2.6309,1.8493 2.2399,2.2403 C1.8499,2.6313 1.8499,3.2633 2.2399,3.6543 L7.0319,8.4463 C6.3149,8.6583 5.5089,8.4913 4.9429,7.9253 L1.7069,4.6893 C1.3159,4.2983 0.6839,4.2983 0.2929,4.6893 C-0.0981,5.0803 -0.0981,5.7133 0.2929,6.1033 L3.5289,9.3403 C4.3309,10.1403 5.3829,10.5413 6.4349,10.5413 C7.1649,10.5413 7.8899,10.3353 8.5349,9.9493 L10.5089,11.9233 L0.2929,22.1383 C-0.0981,22.5293 -0.0981,23.1623 0.2929,23.5523 C0.4879,23.7483 0.7439,23.8453 0.9999,23.8453 C1.2559,23.8453 1.5119,23.7483 1.7069,23.5523 L11.9229,13.3373 L22.1389,23.5523 C22.3339,23.7483 22.5899,23.8453 22.8459,23.8453 C23.1019,23.8453 23.3569,23.7483 23.5529,23.5523 C23.9429,23.1623 23.9429,22.5293 23.5529,22.1383\"><\/path><\/g><\/g><\/svg><\/span> <div class=\"wprm-decoration-line\" style=\"border-color: #e0e0e0;\"><\/div><\/div>\n\t\t\n    <\/div>\n<\/div>\n\n<div id=\"recipe-419-ingredients\" class=\"wprm-recipe-ingredients-container wprm-recipe-419-ingredients-container wprm-block-text-normal wprm-ingredient-style-regular wprm-recipe-images-before\" data-recipe=\"419\" data-servings=\"0\"><h3 class=\"wprm-recipe-header wprm-recipe-ingredients-header wprm-block-text-uppercase wprm-align-left wprm-header-decoration-line wprm-header-has-actions wprm-header-has-actions\" style=\"\">Ingr\u00e9dients<div class=\"wprm-decoration-line\" style=\"border-color: #e0e0e0;\"><\/div>&nbsp;&nbsp;<\/h3><div class=\"wprm-recipe-ingredient-group\"><ul class=\"wprm-recipe-ingredients\"><li class=\"wprm-recipe-ingredient\" style=\"list-style-type: disc;\" data-uid=\"0\"><span class=\"wprm-recipe-ingredient-amount\">1<\/span>&#32;<span class=\"wprm-recipe-ingredient-unit\">pot<\/span>&#32;<span class=\"wprm-recipe-ingredient-name\">Yaourt nature<\/span>&#32;<span class=\"wprm-recipe-ingredient-notes wprm-recipe-ingredient-notes-faded\">Le pot servira de mesure<\/span><\/li><li class=\"wprm-recipe-ingredient\" style=\"list-style-type: disc;\" data-uid=\"1\"><span class=\"wprm-recipe-ingredient-amount\">2<\/span>&#32;<span class=\"wprm-recipe-ingredient-name\">\u0152ufs <\/span><\/li><li class=\"wprm-recipe-ingredient\" style=\"list-style-type: disc;\" data-uid=\"2\"><span class=\"wprm-recipe-ingredient-amount\">1\/2<\/span>&#32;<span class=\"wprm-recipe-ingredient-unit\">pot<\/span>&#32;<span class=\"wprm-recipe-ingredient-name\">Huile <\/span><\/li><li class=\"wprm-recipe-ingredient\" style=\"list-style-type: disc;\" data-uid=\"3\"><span class=\"wprm-recipe-ingredient-amount\">2<\/span>&#32;<span class=\"wprm-recipe-ingredient-unit\">pots<\/span>&#32;<span class=\"wprm-recipe-ingredient-name\">Sucre en Poudre<\/span><\/li><li class=\"wprm-recipe-ingredient\" style=\"list-style-type: disc;\" data-uid=\"4\"><span class=\"wprm-recipe-ingredient-amount\">3<\/span>&#32;<span class=\"wprm-recipe-ingredient-unit\">pots<\/span>&#32;<span class=\"wprm-recipe-ingredient-name\">Farine<\/span><\/li><li class=\"wprm-recipe-ingredient\" style=\"list-style-type: disc;\" data-uid=\"5\"><span class=\"wprm-recipe-ingredient-amount\">1<\/span>&#32;<span class=\"wprm-recipe-ingredient-unit\">sachet<\/span>&#32;<span class=\"wprm-recipe-ingredient-name\">Levure chimique<\/span><\/li><li class=\"wprm-recipe-ingredient\" style=\"list-style-type: disc;\" data-uid=\"6\"><span class=\"wprm-recipe-ingredient-amount\">1<\/span>&#32;<span class=\"wprm-recipe-ingredient-unit\">zeste<\/span>&#32;<span class=\"wprm-recipe-ingredient-name\">citron<\/span><\/li><li class=\"wprm-recipe-ingredient\" style=\"list-style-type: disc;\" data-uid=\"7\"><span class=\"wprm-recipe-ingredient-amount\">1\/2<\/span>&#32;<span class=\"wprm-recipe-ingredient-unit\">pot<\/span>&#32;<span class=\"wprm-recipe-ingredient-name\">poudre d&#39;amande<\/span>&#32;<span class=\"wprm-recipe-ingredient-notes wprm-recipe-ingredient-notes-faded\">en remplacement 1\/2 pot de farine<\/span><\/li><\/ul><\/div><\/div>\n<div id=\"recipe-419-instructions\" class=\"wprm-recipe-instructions-container wprm-recipe-419-instructions-container wprm-block-text-normal\" data-recipe=\"419\"><h3 class=\"wprm-recipe-header wprm-recipe-instructions-header wprm-block-text-uppercase wprm-align-left wprm-header-decoration-line wprm-header-has-actions\" style=\"\">Instructions<div class=\"wprm-decoration-line\" style=\"border-color: #e0e0e0;\"><\/div>&nbsp;<\/h3><div class=\"wprm-recipe-instruction-group\"><ul class=\"wprm-recipe-instructions\"><li id=\"wprm-recipe-419-step-0-0\" class=\"wprm-recipe-instruction\" style=\"list-style-type: decimal;\"><div class=\"wprm-recipe-instruction-text\" style=\"margin-bottom: 5px;\"><span style=\"display: block;\">Verser le yaourt dans un bol<\/span><\/div><\/li><li id=\"wprm-recipe-419-step-0-1\" class=\"wprm-recipe-instruction\" style=\"list-style-type: decimal;\"><div class=\"wprm-recipe-instruction-text\" style=\"margin-bottom: 5px;\"><span style=\"display: block;\">Ajouter les 2 \u0153ufs, l&#39;huile et le zeste et mixer<\/span><\/div><\/li><li id=\"wprm-recipe-419-step-0-2\" class=\"wprm-recipe-instruction\" style=\"list-style-type: decimal;\"><div class=\"wprm-recipe-instruction-text\" style=\"margin-bottom: 5px;\"><span style=\"display: block;\">Ajouter le sucre et mixer<\/span><\/div><\/li><li id=\"wprm-recipe-419-step-0-3\" class=\"wprm-recipe-instruction\" style=\"list-style-type: decimal;\"><div class=\"wprm-recipe-instruction-text\" style=\"margin-bottom: 5px;\"><span style=\"display: block;\">Ajouter la farine et la levure, puis mixer<\/span><\/div><\/li><li id=\"wprm-recipe-419-step-0-4\" class=\"wprm-recipe-instruction\" style=\"list-style-type: decimal;\"><div class=\"wprm-recipe-instruction-text\" style=\"margin-bottom: 5px;\"><span style=\"display: block;\">Huiler un moule \u00e0 cake<\/span><\/div><\/li><li id=\"wprm-recipe-419-step-0-5\" class=\"wprm-recipe-instruction\" style=\"list-style-type: decimal;\"><div class=\"wprm-recipe-instruction-text\" style=\"margin-bottom: 5px;\"><span style=\"display: block;\">Mettre au four pr\u00e9-chauff\u00e9 \u00e0 180\u00b0C et laisser cuire 35 min<\/span><\/div><\/li><\/ul><\/div><\/div>\n<div id=\"recipe-video\"><\/div>\n\n\n<div class=\"wprm-spacer\" style=\"height: 20px;\"><\/div>\n<div class=\"wprm-icon-shortcode wprm-icon-shortcode-separate wprm-align-center wprm-icon-decoration-line\" style=\"font-size: 24px;height: 24px;\"><div class=\"wprm-decoration-line\" style=\"border-color: #e0e0e0;\"><\/div><span class=\"wprm-recipe-icon\" aria-hidden=\"true\"><svg width=\"16px\" height=\"16px\" viewBox=\"0 0 24 24\" version=\"1.1\" xmlns=\"http:\/\/www.w3.org\/2000\/svg\" xmlns:xlink=\"http:\/\/www.w3.org\/1999\/xlink\"><g id=\"Icons\" stroke=\"none\" stroke-width=\"1\" fill=\"none\" fill-rule=\"evenodd\"><g fill=\"#9e9e9e\"><path d=\"M9.0039,16.0079 C5.1419,16.0079 1.9999,12.8659 1.9999,9.0039 C1.9999,5.1419 5.1419,1.9999 9.0039,1.9999 C12.8659,1.9999 16.0079,5.1419 16.0079,9.0039 C16.0079,12.8659 12.8659,16.0079 9.0039,16.0079 M23.6209,22.2069 L16.1439,14.7299 C16.1059,14.6919 16.0579,14.6759 16.0159,14.6449 C17.2599,13.1009 18.0079,11.1409 18.0079,9.0039 C18.0079,4.0309 13.9769,-0.0001 9.0039,-0.0001 C4.0309,-0.0001 -0.0001,4.0309 -0.0001,9.0039 C-0.0001,13.9769 4.0309,18.0079 9.0039,18.0079 C11.1409,18.0079 13.1009,17.2599 14.6449,16.0169 C14.6749,16.0579 14.6919,16.1059 14.7299,16.1439 L22.2069,23.6209 C22.4019,23.8169 22.6579,23.9139 22.9139,23.9139 C23.1699,23.9139 23.4259,23.8169 23.6209,23.6209 C24.0119,23.2309 24.0119,22.5979 23.6209,22.2069\"><\/path><\/g><\/g><\/svg><\/span> <div class=\"wprm-decoration-line\" style=\"border-color: #e0e0e0;\"><\/div><\/div>\n\n<div class=\"wprm-spacer\"><\/div>\n<\/div><\/div>","protected":false},"excerpt":{"rendered":"","protected":false},"author":1,"featured_media":0,"parent":73,"menu_order":0,"comment_status":"closed","ping_status":"closed","template":"","meta":{"wprm-recipe-roundup-name":"","wprm-recipe-roundup-description":"","jetpack_post_was_ever_published":false,"footnotes":""},"class_list":["post-418","page","type-page","status-publish","hentry"],"jetpack_sharing_enabled":true,"jetpack_shortlink":"https:\/\/wp.me\/P5ALNQ-6K","jetpack-related-posts":[{"id":96,"url":"https:\/\/orlando.nom.fr\/index.php\/recettes-de-cuisine\/gateaux\/gateau-de-mickey\/","url_meta":{"origin":418,"position":0},"title":"G\u00e2teau de Mickey","author":"admin9070","date":"24 janvier 2017","format":false,"excerpt":"Le Cake de Mickey Recette traditionnelle maison 1 pot Yaourt nature (Le pot servira de mesure)2 \u0152ufs 1\/2 pot Huile 2 pots Sucre en Poudre3 pots Farine1 sachet Levure chimique1 zeste citron1\/2 pot poudre d'amande (en remplacement 1\/2 pot de farine) Verser le yaourt dans un bolAjouter les 2 \u0153ufs,\u2026","rel":"","context":"Article similaire","block_context":{"text":"Article similaire","link":""},"img":{"alt_text":"","src":"","width":0,"height":0},"classes":[]},{"id":355,"url":"https:\/\/orlando.nom.fr\/index.php\/recettes-de-cuisine\/gateaux\/brioche\/","url_meta":{"origin":418,"position":1},"title":"Brioche","author":"admin9070","date":"26 mars 2021","format":false,"excerpt":"Brioche 130 g Lait ( Choisir lait ou cr\u00e8me fraiche + pour Dorure)130 g Cr\u00e8me fraiche (Choisir lait ou cr\u00e8me fraiche + pour Dorure)20 g Levure boulang\u00e8re fraiche (Choisir levure boulang\u00e8re fra\u00eeche ou s\u00e8che)10 g Levure boulang\u00e8re s\u00e8che (Choisir levure boulang\u00e8re fra\u00eeche ou s\u00e8che)500 g Farine (T55 + un peu\u2026","rel":"","context":"Article similaire","block_context":{"text":"Article similaire","link":""},"img":{"alt_text":"","src":"https:\/\/i0.wp.com\/orlando.nom.fr\/wp-content\/uploads\/2021\/02\/wp-1613230636622-scaled.jpg?fit=1200%2C900&ssl=1&resize=350%2C200","width":350,"height":200,"srcset":"https:\/\/i0.wp.com\/orlando.nom.fr\/wp-content\/uploads\/2021\/02\/wp-1613230636622-scaled.jpg?fit=1200%2C900&ssl=1&resize=350%2C200 1x, https:\/\/i0.wp.com\/orlando.nom.fr\/wp-content\/uploads\/2021\/02\/wp-1613230636622-scaled.jpg?fit=1200%2C900&ssl=1&resize=525%2C300 1.5x, https:\/\/i0.wp.com\/orlando.nom.fr\/wp-content\/uploads\/2021\/02\/wp-1613230636622-scaled.jpg?fit=1200%2C900&ssl=1&resize=700%2C400 2x, https:\/\/i0.wp.com\/orlando.nom.fr\/wp-content\/uploads\/2021\/02\/wp-1613230636622-scaled.jpg?fit=1200%2C900&ssl=1&resize=1050%2C600 3x"},"classes":[]},{"id":358,"url":"https:\/\/orlando.nom.fr\/index.php\/recettes-de-cuisine\/gateaux\/358-2\/","url_meta":{"origin":418,"position":2},"title":"Galette des rois \u00e0 la frangipane","author":"admin9070","date":"26 mars 2021","format":false,"excerpt":"Galette des rois \u00e0 la frangipane 2 P\u00e2tes feuillet\u00e9es140 g Poudre d'Amandes100 g Sucre en Poudre2 \u0152ufs75 g Beurre mou1 Jaune d\u2019\u0153uf1 ou 2 F\u00e8ve(s)1\/2 cuill\u00e8re \u00e0 caf\u00e9 Amande am\u00e8re Placer une p\u00e2te feuillet\u00e9e dans un moule \u00e0 tarte ou sur un papier de cuisson. Piquer la p\u00e2te avec une\u2026","rel":"","context":"Article similaire","block_context":{"text":"Article similaire","link":""},"img":{"alt_text":"","src":"","width":0,"height":0},"classes":[]},{"id":414,"url":"https:\/\/orlando.nom.fr\/index.php\/granita-au-citron\/","url_meta":{"origin":418,"position":3},"title":"Granita au citron","author":"admin9070","date":"30 juillet 2022","format":false,"excerpt":"Granita au citron Recette traditionnelle fait maison 200 g Jus de Citrons (Non trait\u00e9s - Environ 3)400 g Eau200 g Sucre en poudre Presser 3 ou 4 citrons et fltrerObtenir 200g du jus de ctron filtr\u00e9M\u00e9langer sucre et eauFaire bouillir le sirop pendant 10 min (Th4)Laisser refroidir compl\u00e8tementM\u00e9langer jus et\u2026","rel":"","context":"Article similaire","block_context":{"text":"Article similaire","link":""},"img":{"alt_text":"","src":"","width":0,"height":0},"classes":[]},{"id":407,"url":"https:\/\/orlando.nom.fr\/index.php\/soupe-champenoise\/","url_meta":{"origin":418,"position":4},"title":"Soupe champenoise","author":"admin9070","date":"30 juillet 2022","format":false,"excerpt":"Soupe champenoise Cocktail au Champagne classique. 1 Bouteille de Champagne ou Prosecco (Brut)15 cl Contreau15 cl Sucre de canne liquide15 cl Jus de citron ou m\u00e9lange citron orange Choisissez et pr\u00e9parer les agrumes si possible sans traitementM\u00e9langer les ingr\u00e9dientsLaisser reposer une heure au fraisMetttre dans un grand r\u00e9cipient avec le\u2026","rel":"","context":"Article similaire","block_context":{"text":"Article similaire","link":""},"img":{"alt_text":"","src":"https:\/\/i0.wp.com\/orlando.nom.fr\/wp-content\/uploads\/2022\/07\/telechargement-1-150x150.jpg?resize=350%2C200&ssl=1","width":350,"height":200},"classes":[]},{"id":73,"url":"https:\/\/orlando.nom.fr\/index.php\/recettes-de-cuisine\/gateaux\/","url_meta":{"origin":418,"position":5},"title":"G\u00e2teaux","author":"admin9070","date":"23 janvier 2017","format":false,"excerpt":"Amaretti Amaretti Sardi Brioche Cornes de Gazelle Galette des rois \u00e0 la frangipane Galette des rois \u00e0 la compote de pommes G\u00e2teau de Mickey Retour Desserts Retour Liste de Recettes","rel":"","context":"Article similaire","block_context":{"text":"Article similaire","link":""},"img":{"alt_text":"","src":"","width":0,"height":0},"classes":[]}],"jetpack_likes_enabled":true,"_links":{"self":[{"href":"https:\/\/orlando.nom.fr\/index.php\/wp-json\/wp\/v2\/pages\/418","targetHints":{"allow":["GET"]}}],"collection":[{"href":"https:\/\/orlando.nom.fr\/index.php\/wp-json\/wp\/v2\/pages"}],"about":[{"href":"https:\/\/orlando.nom.fr\/index.php\/wp-json\/wp\/v2\/types\/page"}],"author":[{"embeddable":true,"href":"https:\/\/orlando.nom.fr\/index.php\/wp-json\/wp\/v2\/users\/1"}],"replies":[{"embeddable":true,"href":"https:\/\/orlando.nom.fr\/index.php\/wp-json\/wp\/v2\/comments?post=418"}],"version-history":[{"count":1,"href":"https:\/\/orlando.nom.fr\/index.php\/wp-json\/wp\/v2\/pages\/418\/revisions"}],"predecessor-version":[{"id":421,"href":"https:\/\/orlando.nom.fr\/index.php\/wp-json\/wp\/v2\/pages\/418\/revisions\/421"}],"up":[{"embeddable":true,"href":"https:\/\/orlando.nom.fr\/index.php\/wp-json\/wp\/v2\/pages\/73"}],"wp:attachment":[{"href":"https:\/\/orlando.nom.fr\/index.php\/wp-json\/wp\/v2\/media?parent=418"}],"curies":[{"name":"wp","href":"https:\/\/api.w.org\/{rel}","templated":true}]}}