{"id":32,"date":"2016-02-16T22:27:23","date_gmt":"2016-02-16T21:27:23","guid":{"rendered":"http:\/\/orlando.nom.fr\/?page_id=32"},"modified":"2022-07-30T14:00:51","modified_gmt":"2022-07-30T13:00:51","slug":"recettes-de-cuisine","status":"publish","type":"page","link":"https:\/\/orlando.nom.fr\/index.php\/recettes-de-cuisine\/","title":{"rendered":"Recettes de Cuisine"},"content":{"rendered":"<h2 style=\"text-align: center;\"><strong><span style=\"color: #339966;\">Liste des Recettes<\/span><\/strong><\/h2>\n<p>Entr\u00e9es<\/p>\n<p><a href=\"http:\/\/orlando.nom.fr\/index.php\/recettes-de-cuisine\/cocktails-liqueurs-aperitifs\/\">Cocktails &#8211; Liqueurs &#8211; Ap\u00e9ritifs<\/a><\/p>\n<p><a href=\"http:\/\/orlando.nom.fr\/index.php\/recettes-de-cuisine\/sauces\/\">Sauces<\/a><\/p>\n<p>P\u00e2tes<\/p>\n<p>Plats de Poisson<\/p>\n<p>Plats de Viande<\/p>\n<p><a href=\"https:\/\/orlando.nom.fr\/index.php\/desserts\/\">Desserts<\/a><\/p>\n","protected":false},"excerpt":{"rendered":"<p>Liste des Recettes Entr\u00e9es Cocktails &#8211; Liqueurs &#8211; Ap\u00e9ritifs Sauces P\u00e2tes Plats de Poisson Plats de Viande Desserts<\/p>\n","protected":false},"author":1,"featured_media":0,"parent":0,"menu_order":0,"comment_status":"closed","ping_status":"closed","template":"","meta":{"wprm-recipe-roundup-name":"","wprm-recipe-roundup-description":"","jetpack_post_was_ever_published":false,"footnotes":""},"class_list":["post-32","page","type-page","status-publish","hentry"],"jetpack_sharing_enabled":true,"jetpack_shortlink":"https:\/\/wp.me\/P5ALNQ-w","jetpack-related-posts":[{"id":107,"url":"https:\/\/orlando.nom.fr\/index.php\/recettes-de-cuisine\/cocktails-liqueurs-aperitifs\/","url_meta":{"origin":32,"position":0},"title":"Cocktails &#8211; Liqueurs &#8211; Ap\u00e9ritifs","author":"admin9070","date":"2 f\u00e9vrier 2017","format":false,"excerpt":"Limoncello Soupe champenoise Retour Recettes de Cuisine","rel":"","context":"Article similaire","block_context":{"text":"Article similaire","link":""},"img":{"alt_text":"","src":"","width":0,"height":0},"classes":[]},{"id":116,"url":"https:\/\/orlando.nom.fr\/index.php\/recettes-de-cuisine\/plats-de-viande\/","url_meta":{"origin":32,"position":1},"title":"Plats de Viande","author":"admin9070","date":"2 f\u00e9vrier 2017","format":false,"excerpt":"\u00a0 Retour Recettes de Cuisine","rel":"","context":"Article similaire","block_context":{"text":"Article similaire","link":""},"img":{"alt_text":"","src":"","width":0,"height":0},"classes":[]},{"id":120,"url":"https:\/\/orlando.nom.fr\/index.php\/recettes-de-cuisine\/cocktails-liqueurs-aperitifs\/limoncello\/","url_meta":{"origin":32,"position":2},"title":"Limoncello","author":"admin9070","date":"2 f\u00e9vrier 2017","format":false,"excerpt":"Retour Cocktails - Liqueurs - Ap\u00e9ritifs Retour Recettes de Cuisine","rel":"","context":"Article similaire","block_context":{"text":"Article similaire","link":""},"img":{"alt_text":"","src":"","width":0,"height":0},"classes":[]},{"id":113,"url":"https:\/\/orlando.nom.fr\/index.php\/recettes-de-cuisine\/plats-de-poisson\/","url_meta":{"origin":32,"position":3},"title":"Plats de Poisson","author":"admin9070","date":"2 f\u00e9vrier 2017","format":false,"excerpt":"\u00a0 Retour Recettes de Cuisine","rel":"","context":"Article similaire","block_context":{"text":"Article similaire","link":""},"img":{"alt_text":"","src":"","width":0,"height":0},"classes":[]},{"id":407,"url":"https:\/\/orlando.nom.fr\/index.php\/soupe-champenoise\/","url_meta":{"origin":32,"position":4},"title":"Soupe champenoise","author":"admin9070","date":"30 juillet 2022","format":false,"excerpt":"Soupe champenoise Cocktail au Champagne classique. 1 Bouteille de Champagne ou Prosecco (Brut)15 cl Contreau15 cl Sucre de canne liquide15 cl Jus de citron ou m\u00e9lange citron orange Choisissez et pr\u00e9parer les agrumes si possible sans traitementM\u00e9langer les ingr\u00e9dientsLaisser reposer une heure au fraisMetttre dans un grand r\u00e9cipient avec le\u2026","rel":"","context":"Article similaire","block_context":{"text":"Article similaire","link":""},"img":{"alt_text":"","src":"https:\/\/i0.wp.com\/orlando.nom.fr\/wp-content\/uploads\/2022\/07\/telechargement-1-150x150.jpg?resize=350%2C200&ssl=1","width":350,"height":200},"classes":[]},{"id":73,"url":"https:\/\/orlando.nom.fr\/index.php\/recettes-de-cuisine\/gateaux\/","url_meta":{"origin":32,"position":5},"title":"G\u00e2teaux","author":"admin9070","date":"23 janvier 2017","format":false,"excerpt":"Amaretti Amaretti Sardi Brioche Cornes de Gazelle Galette des rois \u00e0 la frangipane Galette des rois \u00e0 la compote de pommes G\u00e2teau de Mickey Retour Desserts Retour Liste de Recettes","rel":"","context":"Article similaire","block_context":{"text":"Article similaire","link":""},"img":{"alt_text":"","src":"","width":0,"height":0},"classes":[]}],"jetpack_likes_enabled":true,"_links":{"self":[{"href":"https:\/\/orlando.nom.fr\/index.php\/wp-json\/wp\/v2\/pages\/32","targetHints":{"allow":["GET"]}}],"collection":[{"href":"https:\/\/orlando.nom.fr\/index.php\/wp-json\/wp\/v2\/pages"}],"about":[{"href":"https:\/\/orlando.nom.fr\/index.php\/wp-json\/wp\/v2\/types\/page"}],"author":[{"embeddable":true,"href":"https:\/\/orlando.nom.fr\/index.php\/wp-json\/wp\/v2\/users\/1"}],"replies":[{"embeddable":true,"href":"https:\/\/orlando.nom.fr\/index.php\/wp-json\/wp\/v2\/comments?post=32"}],"version-history":[{"count":22,"href":"https:\/\/orlando.nom.fr\/index.php\/wp-json\/wp\/v2\/pages\/32\/revisions"}],"predecessor-version":[{"id":460,"href":"https:\/\/orlando.nom.fr\/index.php\/wp-json\/wp\/v2\/pages\/32\/revisions\/460"}],"wp:attachment":[{"href":"https:\/\/orlando.nom.fr\/index.php\/wp-json\/wp\/v2\/media?parent=32"}],"curies":[{"name":"wp","href":"https:\/\/api.w.org\/{rel}","templated":true}]}}