{"id":2,"date":"2016-02-13T17:56:49","date_gmt":"2016-02-13T16:56:49","guid":{"rendered":"http:\/\/orlando.nom.fr\/?page_id=2"},"modified":"2022-11-13T08:31:03","modified_gmt":"2022-11-13T07:31:03","slug":"page-d-exemple","status":"publish","type":"page","link":"https:\/\/orlando.nom.fr\/","title":{"rendered":"Accueil !"},"content":{"rendered":"<p style=\"text-align: center;\"><strong>Le Site de Famille<\/strong><\/p>\n\n\n<p><\/p>\n","protected":false},"excerpt":{"rendered":"<p>Le Site de Famille<\/p>\n","protected":false},"author":1,"featured_media":0,"parent":0,"menu_order":0,"comment_status":"closed","ping_status":"open","template":"","meta":{"wprm-recipe-roundup-name":"","wprm-recipe-roundup-description":"","jetpack_post_was_ever_published":false,"footnotes":""},"class_list":["post-2","page","type-page","status-publish","hentry"],"jetpack_sharing_enabled":true,"jetpack_shortlink":"https:\/\/wp.me\/P5ALNQ-2","jetpack-related-posts":[{"id":25,"url":"https:\/\/orlando.nom.fr\/index.php\/photos-de-famille\/","url_meta":{"origin":2,"position":0},"title":"Photos de Famille","author":"admin9070","date":"16 f\u00e9vrier 2016","format":false,"excerpt":"","rel":"","context":"Article similaire","block_context":{"text":"Article similaire","link":""},"img":{"alt_text":"","src":"","width":0,"height":0},"classes":[]},{"id":34,"url":"https:\/\/orlando.nom.fr\/index.php\/photos-famille-orlando\/","url_meta":{"origin":2,"position":1},"title":"Photos Famille Orlando","author":"admin9070","date":"16 f\u00e9vrier 2016","format":false,"excerpt":"","rel":"","context":"Article similaire","block_context":{"text":"Article similaire","link":""},"img":{"alt_text":"","src":"","width":0,"height":0},"classes":[]},{"id":418,"url":"https:\/\/orlando.nom.fr\/index.php\/recettes-de-cuisine\/gateaux\/le-cake-de-mickey\/","url_meta":{"origin":2,"position":2},"title":"Le Cake de Mickey","author":"admin9070","date":"30 juillet 2022","format":false,"excerpt":"Le Cake de Mickey Recette traditionnelle maison 1 pot Yaourt nature (Le pot servira de mesure)2 \u0152ufs 1\/2 pot Huile 2 pots Sucre en Poudre3 pots Farine1 sachet Levure chimique1 zeste citron1\/2 pot poudre d'amande (en remplacement 1\/2 pot de farine) Verser le yaourt dans un bolAjouter les 2 \u0153ufs,\u2026","rel":"","context":"Article similaire","block_context":{"text":"Article similaire","link":""},"img":{"alt_text":"","src":"","width":0,"height":0},"classes":[]},{"id":96,"url":"https:\/\/orlando.nom.fr\/index.php\/recettes-de-cuisine\/gateaux\/gateau-de-mickey\/","url_meta":{"origin":2,"position":3},"title":"G\u00e2teau de Mickey","author":"admin9070","date":"24 janvier 2017","format":false,"excerpt":"Le Cake de Mickey Recette traditionnelle maison 1 pot Yaourt nature (Le pot servira de mesure)2 \u0152ufs 1\/2 pot Huile 2 pots Sucre en Poudre3 pots Farine1 sachet Levure chimique1 zeste citron1\/2 pot poudre d'amande (en remplacement 1\/2 pot de farine) Verser le yaourt dans un bolAjouter les 2 \u0153ufs,\u2026","rel":"","context":"Article similaire","block_context":{"text":"Article similaire","link":""},"img":{"alt_text":"","src":"","width":0,"height":0},"classes":[]},{"id":355,"url":"https:\/\/orlando.nom.fr\/index.php\/recettes-de-cuisine\/gateaux\/brioche\/","url_meta":{"origin":2,"position":4},"title":"Brioche","author":"admin9070","date":"26 mars 2021","format":false,"excerpt":"Brioche 130 g Lait ( Choisir lait ou cr\u00e8me fraiche + pour Dorure)130 g Cr\u00e8me fraiche (Choisir lait ou cr\u00e8me fraiche + pour Dorure)20 g Levure boulang\u00e8re fraiche (Choisir levure boulang\u00e8re fra\u00eeche ou s\u00e8che)10 g Levure boulang\u00e8re s\u00e8che (Choisir levure boulang\u00e8re fra\u00eeche ou s\u00e8che)500 g Farine (T55 + un peu\u2026","rel":"","context":"Article similaire","block_context":{"text":"Article similaire","link":""},"img":{"alt_text":"","src":"https:\/\/i0.wp.com\/orlando.nom.fr\/wp-content\/uploads\/2021\/02\/wp-1613230636622-scaled.jpg?fit=1200%2C900&ssl=1&resize=350%2C200","width":350,"height":200,"srcset":"https:\/\/i0.wp.com\/orlando.nom.fr\/wp-content\/uploads\/2021\/02\/wp-1613230636622-scaled.jpg?fit=1200%2C900&ssl=1&resize=350%2C200 1x, https:\/\/i0.wp.com\/orlando.nom.fr\/wp-content\/uploads\/2021\/02\/wp-1613230636622-scaled.jpg?fit=1200%2C900&ssl=1&resize=525%2C300 1.5x, https:\/\/i0.wp.com\/orlando.nom.fr\/wp-content\/uploads\/2021\/02\/wp-1613230636622-scaled.jpg?fit=1200%2C900&ssl=1&resize=700%2C400 2x, https:\/\/i0.wp.com\/orlando.nom.fr\/wp-content\/uploads\/2021\/02\/wp-1613230636622-scaled.jpg?fit=1200%2C900&ssl=1&resize=1050%2C600 3x"},"classes":[]},{"id":11,"url":"https:\/\/orlando.nom.fr\/index.php\/membership-join\/","url_meta":{"origin":2,"position":5},"title":"Nouveau Compte","author":"admin9070","date":"15 f\u00e9vrier 2016","format":false,"excerpt":"Bonjour, Pour acc\u00e9der compl\u00e8tement au site veuillez compl\u00e9ter le formulaire d'enregistrement en cliquant ici \u00a0","rel":"","context":"Article similaire","block_context":{"text":"Article similaire","link":""},"img":{"alt_text":"Join Now Button","src":"https:\/\/i0.wp.com\/orlando.nom.fr\/wp-content\/plugins\/simple-membership\/images\/join-now-button-image.gif?resize=350%2C200","width":350,"height":200},"classes":[]}],"jetpack_likes_enabled":true,"_links":{"self":[{"href":"https:\/\/orlando.nom.fr\/index.php\/wp-json\/wp\/v2\/pages\/2","targetHints":{"allow":["GET"]}}],"collection":[{"href":"https:\/\/orlando.nom.fr\/index.php\/wp-json\/wp\/v2\/pages"}],"about":[{"href":"https:\/\/orlando.nom.fr\/index.php\/wp-json\/wp\/v2\/types\/page"}],"author":[{"embeddable":true,"href":"https:\/\/orlando.nom.fr\/index.php\/wp-json\/wp\/v2\/users\/1"}],"replies":[{"embeddable":true,"href":"https:\/\/orlando.nom.fr\/index.php\/wp-json\/wp\/v2\/comments?post=2"}],"version-history":[{"count":6,"href":"https:\/\/orlando.nom.fr\/index.php\/wp-json\/wp\/v2\/pages\/2\/revisions"}],"predecessor-version":[{"id":468,"href":"https:\/\/orlando.nom.fr\/index.php\/wp-json\/wp\/v2\/pages\/2\/revisions\/468"}],"wp:attachment":[{"href":"https:\/\/orlando.nom.fr\/index.php\/wp-json\/wp\/v2\/media?parent=2"}],"curies":[{"name":"wp","href":"https:\/\/api.w.org\/{rel}","templated":true}]}}