{"id":177,"date":"2017-06-05T13:23:55","date_gmt":"2017-06-05T12:23:55","guid":{"rendered":"http:\/\/orlando.nom.fr\/?page_id=177"},"modified":"2022-07-30T12:25:11","modified_gmt":"2022-07-30T11:25:11","slug":"sauces","status":"publish","type":"page","link":"https:\/\/orlando.nom.fr\/index.php\/recettes-de-cuisine\/sauces\/","title":{"rendered":"Sauces"},"content":{"rendered":"<h5><a href=\"http:\/\/orlando.nom.fr\/index.php\/recettes-de-cuisine\/sauces\/pesto-au-basilic-ou-pesto-al-genovese-recette-originale\/\">Pesto au basilic ou pesto al genovese (recette originale)<\/a><\/h5>\n\n\n<hr class=\"wp-block-separator has-alpha-channel-opacity\"\/>\n\n\n\n<p><a href=\"https:\/\/orlando.nom.fr\/index.php\/recettes-de-cuisine\/\" data-type=\"page\" data-id=\"32\">Retour Liste de Recettes<\/a><\/p>\n","protected":false},"excerpt":{"rendered":"<p>Pesto au basilic ou pesto al genovese (recette originale) Retour Liste de Recettes<\/p>\n","protected":false},"author":1,"featured_media":0,"parent":32,"menu_order":0,"comment_status":"closed","ping_status":"closed","template":"","meta":{"wprm-recipe-roundup-name":"","wprm-recipe-roundup-description":"","jetpack_post_was_ever_published":false,"footnotes":""},"class_list":["post-177","page","type-page","status-publish","hentry"],"jetpack_sharing_enabled":true,"jetpack_shortlink":"https:\/\/wp.me\/P5ALNQ-2R","jetpack-related-posts":[{"id":170,"url":"https:\/\/orlando.nom.fr\/index.php\/recettes-de-cuisine\/sauces\/pesto-au-basilic-ou-pesto-al-genovese-recette-originale\/","url_meta":{"origin":177,"position":0},"title":"Pesto au basilic ou pesto al genovese (recette originale)","author":"admin9070","date":"5 juin 2017","format":false,"excerpt":"Retour Liste Sauces Retour Liste Recettes","rel":"","context":"Article similaire","block_context":{"text":"Article similaire","link":""},"img":{"alt_text":"","src":"","width":0,"height":0},"classes":[]},{"id":414,"url":"https:\/\/orlando.nom.fr\/index.php\/granita-au-citron\/","url_meta":{"origin":177,"position":1},"title":"Granita au citron","author":"admin9070","date":"30 juillet 2022","format":false,"excerpt":"Granita au citron Recette traditionnelle fait maison 200 g Jus de Citrons (Non trait\u00e9s - Environ 3)400 g Eau200 g Sucre en poudre Presser 3 ou 4 citrons et fltrerObtenir 200g du jus de ctron filtr\u00e9M\u00e9langer sucre et eauFaire bouillir le sirop pendant 10 min (Th4)Laisser refroidir compl\u00e8tementM\u00e9langer jus et\u2026","rel":"","context":"Article similaire","block_context":{"text":"Article similaire","link":""},"img":{"alt_text":"","src":"","width":0,"height":0},"classes":[]},{"id":407,"url":"https:\/\/orlando.nom.fr\/index.php\/soupe-champenoise\/","url_meta":{"origin":177,"position":2},"title":"Soupe champenoise","author":"admin9070","date":"30 juillet 2022","format":false,"excerpt":"Soupe champenoise Cocktail au Champagne classique. 1 Bouteille de Champagne ou Prosecco (Brut)15 cl Contreau15 cl Sucre de canne liquide15 cl Jus de citron ou m\u00e9lange citron orange Choisissez et pr\u00e9parer les agrumes si possible sans traitementM\u00e9langer les ingr\u00e9dientsLaisser reposer une heure au fraisMetttre dans un grand r\u00e9cipient avec le\u2026","rel":"","context":"Article similaire","block_context":{"text":"Article similaire","link":""},"img":{"alt_text":"","src":"https:\/\/i0.wp.com\/orlando.nom.fr\/wp-content\/uploads\/2022\/07\/telechargement-1-150x150.jpg?resize=350%2C200&ssl=1","width":350,"height":200},"classes":[]},{"id":355,"url":"https:\/\/orlando.nom.fr\/index.php\/recettes-de-cuisine\/gateaux\/brioche\/","url_meta":{"origin":177,"position":3},"title":"Brioche","author":"admin9070","date":"26 mars 2021","format":false,"excerpt":"Brioche 130 g Lait ( Choisir lait ou cr\u00e8me fraiche + pour Dorure)130 g Cr\u00e8me fraiche (Choisir lait ou cr\u00e8me fraiche + pour Dorure)20 g Levure boulang\u00e8re fraiche (Choisir levure boulang\u00e8re fra\u00eeche ou s\u00e8che)10 g Levure boulang\u00e8re s\u00e8che (Choisir levure boulang\u00e8re fra\u00eeche ou s\u00e8che)500 g Farine (T55 + un peu\u2026","rel":"","context":"Article similaire","block_context":{"text":"Article similaire","link":""},"img":{"alt_text":"","src":"https:\/\/i0.wp.com\/orlando.nom.fr\/wp-content\/uploads\/2021\/02\/wp-1613230636622-scaled.jpg?fit=1200%2C900&ssl=1&resize=350%2C200","width":350,"height":200,"srcset":"https:\/\/i0.wp.com\/orlando.nom.fr\/wp-content\/uploads\/2021\/02\/wp-1613230636622-scaled.jpg?fit=1200%2C900&ssl=1&resize=350%2C200 1x, https:\/\/i0.wp.com\/orlando.nom.fr\/wp-content\/uploads\/2021\/02\/wp-1613230636622-scaled.jpg?fit=1200%2C900&ssl=1&resize=525%2C300 1.5x, https:\/\/i0.wp.com\/orlando.nom.fr\/wp-content\/uploads\/2021\/02\/wp-1613230636622-scaled.jpg?fit=1200%2C900&ssl=1&resize=700%2C400 2x, https:\/\/i0.wp.com\/orlando.nom.fr\/wp-content\/uploads\/2021\/02\/wp-1613230636622-scaled.jpg?fit=1200%2C900&ssl=1&resize=1050%2C600 3x"},"classes":[]},{"id":438,"url":"https:\/\/orlando.nom.fr\/index.php\/glaces-sorbets\/","url_meta":{"origin":177,"position":4},"title":"Glaces &#8211; Sorbets","author":"admin9070","date":"30 juillet 2022","format":false,"excerpt":"Granita au citron Retour Desserts Retour Liste de Recettes","rel":"","context":"Article similaire","block_context":{"text":"Article similaire","link":""},"img":{"alt_text":"","src":"","width":0,"height":0},"classes":[]},{"id":32,"url":"https:\/\/orlando.nom.fr\/index.php\/recettes-de-cuisine\/","url_meta":{"origin":177,"position":5},"title":"Recettes de Cuisine","author":"admin9070","date":"16 f\u00e9vrier 2016","format":false,"excerpt":"Liste des Recettes Entr\u00e9es Cocktails - Liqueurs - Ap\u00e9ritifs Sauces P\u00e2tes Plats de Poisson Plats de Viande Desserts","rel":"","context":"Article similaire","block_context":{"text":"Article similaire","link":""},"img":{"alt_text":"","src":"","width":0,"height":0},"classes":[]}],"jetpack_likes_enabled":true,"_links":{"self":[{"href":"https:\/\/orlando.nom.fr\/index.php\/wp-json\/wp\/v2\/pages\/177","targetHints":{"allow":["GET"]}}],"collection":[{"href":"https:\/\/orlando.nom.fr\/index.php\/wp-json\/wp\/v2\/pages"}],"about":[{"href":"https:\/\/orlando.nom.fr\/index.php\/wp-json\/wp\/v2\/types\/page"}],"author":[{"embeddable":true,"href":"https:\/\/orlando.nom.fr\/index.php\/wp-json\/wp\/v2\/users\/1"}],"replies":[{"embeddable":true,"href":"https:\/\/orlando.nom.fr\/index.php\/wp-json\/wp\/v2\/comments?post=177"}],"version-history":[{"count":3,"href":"https:\/\/orlando.nom.fr\/index.php\/wp-json\/wp\/v2\/pages\/177\/revisions"}],"predecessor-version":[{"id":447,"href":"https:\/\/orlando.nom.fr\/index.php\/wp-json\/wp\/v2\/pages\/177\/revisions\/447"}],"up":[{"embeddable":true,"href":"https:\/\/orlando.nom.fr\/index.php\/wp-json\/wp\/v2\/pages\/32"}],"wp:attachment":[{"href":"https:\/\/orlando.nom.fr\/index.php\/wp-json\/wp\/v2\/media?parent=177"}],"curies":[{"name":"wp","href":"https:\/\/api.w.org\/{rel}","templated":true}]}}