{"id":14,"date":"2016-02-15T22:37:58","date_gmt":"2016-02-15T21:37:58","guid":{"rendered":"http:\/\/orlando.nom.fr\/index.php\/membership-login\/"},"modified":"2017-02-02T14:28:47","modified_gmt":"2017-02-02T13:28:47","slug":"membership-login","status":"publish","type":"page","link":"https:\/\/orlando.nom.fr\/index.php\/membership-login\/","title":{"rendered":"Acc\u00e9s Compte Abonn\u00e9"},"content":{"rendered":"<div class=\"swpm-post-not-logged-in-msg\">You need to be logged in to view this content. Veuillez <a class=\"swpm-login-link\" href=\"http:\/\/orlando.nom.fr\/index.php\/membership-login\/\">Log In<\/a>. Not a Member? <a href=\"http:\/\/orlando.nom.fr\/index.php\/membership-join\/\">Nous Rejoindre<\/a><\/div>","protected":false},"excerpt":{"rendered":"<p>You need to be logged in to view this content. Veuillez Log In. Not a Member? Nous Rejoindre<\/p>\n","protected":false},"author":1,"featured_media":0,"parent":0,"menu_order":0,"comment_status":"closed","ping_status":"closed","template":"","meta":{"wprm-recipe-roundup-name":"","wprm-recipe-roundup-description":"","jetpack_post_was_ever_published":false,"footnotes":""},"class_list":["post-14","page","type-page","status-publish","hentry"],"jetpack_sharing_enabled":true,"jetpack_shortlink":"https:\/\/wp.me\/P5ALNQ-e","jetpack-related-posts":[{"id":11,"url":"https:\/\/orlando.nom.fr\/index.php\/membership-join\/","url_meta":{"origin":14,"position":0},"title":"Nouveau Compte","author":"admin9070","date":"15 f\u00e9vrier 2016","format":false,"excerpt":"Bonjour, Pour acc\u00e9der compl\u00e8tement au site veuillez compl\u00e9ter le formulaire d'enregistrement en cliquant ici \u00a0","rel":"","context":"Article similaire","block_context":{"text":"Article similaire","link":""},"img":{"alt_text":"Join Now Button","src":"https:\/\/i0.wp.com\/orlando.nom.fr\/wp-content\/plugins\/simple-membership\/images\/join-now-button-image.gif?resize=350%2C200","width":350,"height":200},"classes":[]}],"jetpack_likes_enabled":true,"_links":{"self":[{"href":"https:\/\/orlando.nom.fr\/index.php\/wp-json\/wp\/v2\/pages\/14","targetHints":{"allow":["GET"]}}],"collection":[{"href":"https:\/\/orlando.nom.fr\/index.php\/wp-json\/wp\/v2\/pages"}],"about":[{"href":"https:\/\/orlando.nom.fr\/index.php\/wp-json\/wp\/v2\/types\/page"}],"author":[{"embeddable":true,"href":"https:\/\/orlando.nom.fr\/index.php\/wp-json\/wp\/v2\/users\/1"}],"replies":[{"embeddable":true,"href":"https:\/\/orlando.nom.fr\/index.php\/wp-json\/wp\/v2\/comments?post=14"}],"version-history":[{"count":2,"href":"https:\/\/orlando.nom.fr\/index.php\/wp-json\/wp\/v2\/pages\/14\/revisions"}],"predecessor-version":[{"id":20,"href":"https:\/\/orlando.nom.fr\/index.php\/wp-json\/wp\/v2\/pages\/14\/revisions\/20"}],"wp:attachment":[{"href":"https:\/\/orlando.nom.fr\/index.php\/wp-json\/wp\/v2\/media?parent=14"}],"curies":[{"name":"wp","href":"https:\/\/api.w.org\/{rel}","templated":true}]}}