{"id":11,"date":"2016-02-15T22:37:58","date_gmt":"2016-02-15T21:37:58","guid":{"rendered":"http:\/\/orlando.nom.fr\/index.php\/membership-join\/"},"modified":"2017-02-02T14:46:24","modified_gmt":"2017-02-02T13:46:24","slug":"membership-join","status":"publish","type":"page","link":"https:\/\/orlando.nom.fr\/index.php\/membership-join\/","title":{"rendered":"Nouveau Compte"},"content":{"rendered":"<p style=\"color: red; font-weight: bold;\"><span style=\"color: #000000;\"><strong>Bonjour,<\/strong><\/span><\/p>\n<p>Pour acc\u00e9der compl\u00e8tement au site veuillez compl\u00e9ter le formulaire d&rsquo;enregistrement en cliquant ici<\/p>\n<p><img data-recalc-dims=\"1\" loading=\"lazy\" decoding=\"async\" title=\"Join Now\" src=\"https:\/\/i0.wp.com\/orlando.nom.fr\/wp-content\/plugins\/simple-membership\/images\/join-now-button-image.gif?resize=277%2C82\" alt=\"Join Now Button\" width=\"277\" height=\"82\" \/><\/p>\n<p>&nbsp;<\/p>\n","protected":false},"excerpt":{"rendered":"<p>Bonjour, Pour acc\u00e9der compl\u00e8tement au site veuillez compl\u00e9ter le formulaire d&rsquo;enregistrement en cliquant ici &nbsp;<\/p>\n","protected":false},"author":1,"featured_media":0,"parent":0,"menu_order":0,"comment_status":"closed","ping_status":"closed","template":"","meta":{"wprm-recipe-roundup-name":"","wprm-recipe-roundup-description":"","jetpack_post_was_ever_published":false,"footnotes":""},"class_list":["post-11","page","type-page","status-publish","hentry"],"jetpack_sharing_enabled":true,"jetpack_shortlink":"https:\/\/wp.me\/P5ALNQ-b","jetpack-related-posts":[{"id":414,"url":"https:\/\/orlando.nom.fr\/index.php\/granita-au-citron\/","url_meta":{"origin":11,"position":0},"title":"Granita au citron","author":"admin9070","date":"30 juillet 2022","format":false,"excerpt":"Granita au citron Recette traditionnelle fait maison 200 g Jus de Citrons (Non trait\u00e9s - Environ 3)400 g Eau200 g Sucre en poudre Presser 3 ou 4 citrons et fltrerObtenir 200g du jus de ctron filtr\u00e9M\u00e9langer sucre et eauFaire bouillir le sirop pendant 10 min (Th4)Laisser refroidir compl\u00e8tementM\u00e9langer jus et\u2026","rel":"","context":"Article similaire","block_context":{"text":"Article similaire","link":""},"img":{"alt_text":"","src":"","width":0,"height":0},"classes":[]},{"id":355,"url":"https:\/\/orlando.nom.fr\/index.php\/recettes-de-cuisine\/gateaux\/brioche\/","url_meta":{"origin":11,"position":1},"title":"Brioche","author":"admin9070","date":"26 mars 2021","format":false,"excerpt":"Brioche 130 g Lait ( Choisir lait ou cr\u00e8me fraiche + pour Dorure)130 g Cr\u00e8me fraiche (Choisir lait ou cr\u00e8me fraiche + pour Dorure)20 g Levure boulang\u00e8re fraiche (Choisir levure boulang\u00e8re fra\u00eeche ou s\u00e8che)10 g Levure boulang\u00e8re s\u00e8che (Choisir levure boulang\u00e8re fra\u00eeche ou s\u00e8che)500 g Farine (T55 + un peu\u2026","rel":"","context":"Article similaire","block_context":{"text":"Article similaire","link":""},"img":{"alt_text":"","src":"https:\/\/i0.wp.com\/orlando.nom.fr\/wp-content\/uploads\/2021\/02\/wp-1613230636622-scaled.jpg?fit=1200%2C900&ssl=1&resize=350%2C200","width":350,"height":200,"srcset":"https:\/\/i0.wp.com\/orlando.nom.fr\/wp-content\/uploads\/2021\/02\/wp-1613230636622-scaled.jpg?fit=1200%2C900&ssl=1&resize=350%2C200 1x, https:\/\/i0.wp.com\/orlando.nom.fr\/wp-content\/uploads\/2021\/02\/wp-1613230636622-scaled.jpg?fit=1200%2C900&ssl=1&resize=525%2C300 1.5x, https:\/\/i0.wp.com\/orlando.nom.fr\/wp-content\/uploads\/2021\/02\/wp-1613230636622-scaled.jpg?fit=1200%2C900&ssl=1&resize=700%2C400 2x, https:\/\/i0.wp.com\/orlando.nom.fr\/wp-content\/uploads\/2021\/02\/wp-1613230636622-scaled.jpg?fit=1200%2C900&ssl=1&resize=1050%2C600 3x"},"classes":[]},{"id":418,"url":"https:\/\/orlando.nom.fr\/index.php\/recettes-de-cuisine\/gateaux\/le-cake-de-mickey\/","url_meta":{"origin":11,"position":2},"title":"Le Cake de Mickey","author":"admin9070","date":"30 juillet 2022","format":false,"excerpt":"Le Cake de Mickey Recette traditionnelle maison 1 pot Yaourt nature (Le pot servira de mesure)2 \u0152ufs 1\/2 pot Huile 2 pots Sucre en Poudre3 pots Farine1 sachet Levure chimique1 zeste citron1\/2 pot poudre d'amande (en remplacement 1\/2 pot de farine) Verser le yaourt dans un bolAjouter les 2 \u0153ufs,\u2026","rel":"","context":"Article similaire","block_context":{"text":"Article similaire","link":""},"img":{"alt_text":"","src":"","width":0,"height":0},"classes":[]},{"id":96,"url":"https:\/\/orlando.nom.fr\/index.php\/recettes-de-cuisine\/gateaux\/gateau-de-mickey\/","url_meta":{"origin":11,"position":3},"title":"G\u00e2teau de Mickey","author":"admin9070","date":"24 janvier 2017","format":false,"excerpt":"Le Cake de Mickey Recette traditionnelle maison 1 pot Yaourt nature (Le pot servira de mesure)2 \u0152ufs 1\/2 pot Huile 2 pots Sucre en Poudre3 pots Farine1 sachet Levure chimique1 zeste citron1\/2 pot poudre d'amande (en remplacement 1\/2 pot de farine) Verser le yaourt dans un bolAjouter les 2 \u0153ufs,\u2026","rel":"","context":"Article similaire","block_context":{"text":"Article similaire","link":""},"img":{"alt_text":"","src":"","width":0,"height":0},"classes":[]},{"id":407,"url":"https:\/\/orlando.nom.fr\/index.php\/soupe-champenoise\/","url_meta":{"origin":11,"position":4},"title":"Soupe champenoise","author":"admin9070","date":"30 juillet 2022","format":false,"excerpt":"Soupe champenoise Cocktail au Champagne classique. 1 Bouteille de Champagne ou Prosecco (Brut)15 cl Contreau15 cl Sucre de canne liquide15 cl Jus de citron ou m\u00e9lange citron orange Choisissez et pr\u00e9parer les agrumes si possible sans traitementM\u00e9langer les ingr\u00e9dientsLaisser reposer une heure au fraisMetttre dans un grand r\u00e9cipient avec le\u2026","rel":"","context":"Article similaire","block_context":{"text":"Article similaire","link":""},"img":{"alt_text":"","src":"https:\/\/i0.wp.com\/orlando.nom.fr\/wp-content\/uploads\/2022\/07\/telechargement-1-150x150.jpg?resize=350%2C200&ssl=1","width":350,"height":200},"classes":[]},{"id":14,"url":"https:\/\/orlando.nom.fr\/index.php\/membership-login\/","url_meta":{"origin":11,"position":5},"title":"Acc\u00e9s Compte Abonn\u00e9","author":"admin9070","date":"15 f\u00e9vrier 2016","format":false,"excerpt":"","rel":"","context":"Article similaire","block_context":{"text":"Article similaire","link":""},"img":{"alt_text":"","src":"","width":0,"height":0},"classes":[]}],"jetpack_likes_enabled":true,"_links":{"self":[{"href":"https:\/\/orlando.nom.fr\/index.php\/wp-json\/wp\/v2\/pages\/11","targetHints":{"allow":["GET"]}}],"collection":[{"href":"https:\/\/orlando.nom.fr\/index.php\/wp-json\/wp\/v2\/pages"}],"about":[{"href":"https:\/\/orlando.nom.fr\/index.php\/wp-json\/wp\/v2\/types\/page"}],"author":[{"embeddable":true,"href":"https:\/\/orlando.nom.fr\/index.php\/wp-json\/wp\/v2\/users\/1"}],"replies":[{"embeddable":true,"href":"https:\/\/orlando.nom.fr\/index.php\/wp-json\/wp\/v2\/comments?post=11"}],"version-history":[{"count":4,"href":"https:\/\/orlando.nom.fr\/index.php\/wp-json\/wp\/v2\/pages\/11\/revisions"}],"predecessor-version":[{"id":102,"href":"https:\/\/orlando.nom.fr\/index.php\/wp-json\/wp\/v2\/pages\/11\/revisions\/102"}],"wp:attachment":[{"href":"https:\/\/orlando.nom.fr\/index.php\/wp-json\/wp\/v2\/media?parent=11"}],"curies":[{"name":"wp","href":"https:\/\/api.w.org\/{rel}","templated":true}]}}