{"id":107,"date":"2017-02-02T21:43:56","date_gmt":"2017-02-02T20:43:56","guid":{"rendered":"http:\/\/orlando.nom.fr\/?page_id=107"},"modified":"2022-07-30T12:29:41","modified_gmt":"2022-07-30T11:29:41","slug":"cocktails-liqueurs-aperitifs","status":"publish","type":"page","link":"https:\/\/orlando.nom.fr\/index.php\/recettes-de-cuisine\/cocktails-liqueurs-aperitifs\/","title":{"rendered":"Cocktails &#8211; Liqueurs &#8211; Ap\u00e9ritifs"},"content":{"rendered":"<p><a href=\"http:\/\/orlando.nom.fr\/index.php\/recettes-de-cuisine\/cocktails-liqueurs-aperitifs\/limoncello\/\">Limoncello<\/a><\/p>\n<p>Soupe champenoise<\/p>\n<hr \/>\n<p><a href=\"http:\/\/orlando.nom.fr\/index.php\/recettes-de-cuisine\/\">Retour Recettes de Cuisine<\/a><\/p>\n","protected":false},"excerpt":{"rendered":"<p>Limoncello Soupe champenoise Retour Recettes de Cuisine<\/p>\n","protected":false},"author":1,"featured_media":0,"parent":32,"menu_order":0,"comment_status":"closed","ping_status":"closed","template":"","meta":{"wprm-recipe-roundup-name":"","wprm-recipe-roundup-description":"","jetpack_post_was_ever_published":false,"footnotes":""},"class_list":["post-107","page","type-page","status-publish","hentry"],"jetpack_sharing_enabled":true,"jetpack_shortlink":"https:\/\/wp.me\/P5ALNQ-1J","jetpack-related-posts":[{"id":120,"url":"https:\/\/orlando.nom.fr\/index.php\/recettes-de-cuisine\/cocktails-liqueurs-aperitifs\/limoncello\/","url_meta":{"origin":107,"position":0},"title":"Limoncello","author":"admin9070","date":"2 f\u00e9vrier 2017","format":false,"excerpt":"Retour Cocktails - Liqueurs - Ap\u00e9ritifs Retour Recettes de Cuisine","rel":"","context":"Article similaire","block_context":{"text":"Article similaire","link":""},"img":{"alt_text":"","src":"","width":0,"height":0},"classes":[]},{"id":407,"url":"https:\/\/orlando.nom.fr\/index.php\/soupe-champenoise\/","url_meta":{"origin":107,"position":1},"title":"Soupe champenoise","author":"admin9070","date":"30 juillet 2022","format":false,"excerpt":"Soupe champenoise Cocktail au Champagne classique. 1 Bouteille de Champagne ou Prosecco (Brut)15 cl Contreau15 cl Sucre de canne liquide15 cl Jus de citron ou m\u00e9lange citron orange Choisissez et pr\u00e9parer les agrumes si possible sans traitementM\u00e9langer les ingr\u00e9dientsLaisser reposer une heure au fraisMetttre dans un grand r\u00e9cipient avec le\u2026","rel":"","context":"Article similaire","block_context":{"text":"Article similaire","link":""},"img":{"alt_text":"","src":"https:\/\/i0.wp.com\/orlando.nom.fr\/wp-content\/uploads\/2022\/07\/telechargement-1-150x150.jpg?resize=350%2C200&ssl=1","width":350,"height":200},"classes":[]},{"id":32,"url":"https:\/\/orlando.nom.fr\/index.php\/recettes-de-cuisine\/","url_meta":{"origin":107,"position":2},"title":"Recettes de Cuisine","author":"admin9070","date":"16 f\u00e9vrier 2016","format":false,"excerpt":"Liste des Recettes Entr\u00e9es Cocktails - Liqueurs - Ap\u00e9ritifs Sauces P\u00e2tes Plats de Poisson Plats de Viande Desserts","rel":"","context":"Article similaire","block_context":{"text":"Article similaire","link":""},"img":{"alt_text":"","src":"","width":0,"height":0},"classes":[]},{"id":51,"url":"https:\/\/orlando.nom.fr\/index.php\/recettes-de-cuisine\/gateaux\/amaretti\/","url_meta":{"origin":107,"position":3},"title":"Amaretti","author":"admin9070","date":"2 avril 2016","format":false,"excerpt":"\u00a0 \u00a0 \u00a0 Retour G\u00e2teaux Retour Liste des Recettes","rel":"","context":"Article similaire","block_context":{"text":"Article similaire","link":""},"img":{"alt_text":"","src":"","width":0,"height":0},"classes":[]},{"id":159,"url":"https:\/\/orlando.nom.fr\/index.php\/recettes-de-cuisine\/gateaux\/cornes-de-gazelle\/","url_meta":{"origin":107,"position":4},"title":"Cornes de Gazelle","author":"admin9070","date":"13 mai 2017","format":false,"excerpt":"Retour Liste des G\u00e2teaux Retour Liste des Recettes","rel":"","context":"Article similaire","block_context":{"text":"Article similaire","link":""},"img":{"alt_text":"","src":"","width":0,"height":0},"classes":[]},{"id":69,"url":"https:\/\/orlando.nom.fr\/index.php\/recettes-de-cuisine\/entrees\/","url_meta":{"origin":107,"position":5},"title":"Entr\u00e9es","author":"admin9070","date":"23 janvier 2017","format":false,"excerpt":"\u00a0 Retour Recettes de Cuisine","rel":"","context":"Article similaire","block_context":{"text":"Article similaire","link":""},"img":{"alt_text":"","src":"","width":0,"height":0},"classes":[]}],"jetpack_likes_enabled":true,"_links":{"self":[{"href":"https:\/\/orlando.nom.fr\/index.php\/wp-json\/wp\/v2\/pages\/107","targetHints":{"allow":["GET"]}}],"collection":[{"href":"https:\/\/orlando.nom.fr\/index.php\/wp-json\/wp\/v2\/pages"}],"about":[{"href":"https:\/\/orlando.nom.fr\/index.php\/wp-json\/wp\/v2\/types\/page"}],"author":[{"embeddable":true,"href":"https:\/\/orlando.nom.fr\/index.php\/wp-json\/wp\/v2\/users\/1"}],"replies":[{"embeddable":true,"href":"https:\/\/orlando.nom.fr\/index.php\/wp-json\/wp\/v2\/comments?post=107"}],"version-history":[{"count":4,"href":"https:\/\/orlando.nom.fr\/index.php\/wp-json\/wp\/v2\/pages\/107\/revisions"}],"predecessor-version":[{"id":450,"href":"https:\/\/orlando.nom.fr\/index.php\/wp-json\/wp\/v2\/pages\/107\/revisions\/450"}],"up":[{"embeddable":true,"href":"https:\/\/orlando.nom.fr\/index.php\/wp-json\/wp\/v2\/pages\/32"}],"wp:attachment":[{"href":"https:\/\/orlando.nom.fr\/index.php\/wp-json\/wp\/v2\/media?parent=107"}],"curies":[{"name":"wp","href":"https:\/\/api.w.org\/{rel}","templated":true}]}}